{"id":6272,"date":"2026-04-25T15:51:43","date_gmt":"2026-04-25T18:51:43","guid":{"rendered":"https:\/\/corsage.com.br\/tudor\/?post_type=product&#038;p=6272"},"modified":"2026-04-25T15:54:20","modified_gmt":"2026-04-25T18:54:20","slug":"black-bay-one-39-sg-m79663-0002","status":"publish","type":"product","link":"https:\/\/corsage.com.br\/tudor\/black-bay-one-39-sg-m79663-0002\/","title":{"rendered":"Black Bay One 39 S&#038;G"},"content":{"rendered":"<p><strong>Garantia de cinco anos<\/strong><br \/>\nGarantia transfer\u00edvel de cinco anos, sem registo nem verifica\u00e7\u00f5es de manuten\u00e7\u00e3o peri\u00f3dicas obrigat\u00f3rias<\/p>\n<p><strong>Caixa<\/strong><br \/>\nCaixa de 39 mm em a\u00e7o com acabamento polido e acetinado<br \/>\nDist\u00e2ncia entre asas: 21 mm<br \/>\nEspessura da caixa: 12.0 mm<\/p>\n<p><strong>Movimento<\/strong><br \/>\nCalibre de Manufatura MT5602 (COSC)<br \/>\nMovimento mec\u00e2nico de corda autom\u00e1tica com sistema de rotor bidirecional<\/p>\n<p><strong>Reserva de marcha<\/strong><br \/>\nReserva de marcha de aproximadamente 70 horas<\/p>\n<p><strong>Coroa<\/strong><br \/>\nCoroa de rosca com a rosa TUDOR em relevo. A\u00e7o revestido por uma camada de ouro amarelo de 0,1 mm<\/p>\n<p><strong>Estanquidade<\/strong><br \/>\nEstanque at\u00e9 100 m<\/p>\n<p><strong>Luneta<\/strong><br \/>\nLuneta fixa em a\u00e7o, revestida com uma camada de ouro amarelo de 0,3 mm<\/p>\n<p><strong>Mostrador<\/strong><br \/>\nPrateado<\/p>\n<p><strong>Vidro<\/strong><br \/>\nVidro de safira plano<\/p>\n<p><strong>Bracelete<\/strong><br \/>\nPrimeiros elos centrais em a\u00e7o ou ouro amarelo maci\u00e7o. Os restantes elos centrais s\u00e3o feitos a partir de um n\u00facleo de a\u00e7o revestido com uma camada de ouro amarelo de 0,2 mm. Fecho desdobr\u00e1vel TUDOR \u201cT-fit\u201d com fecho de seguran\u00e7a. O log\u00f3tipo presente no fecho \u00e9 feito de ouro amarelo maci\u00e7o<\/p>\n","protected":false},"excerpt":{"rendered":"<p>Calibre de Manufatura MT5602<br \/>\nCaixa de 39 mm em a\u00e7o<br \/>\nBracelete em a\u00e7o e ouro amarelo<\/p>\n","protected":false},"featured_media":6274,"template":"","meta":[],"product_brand":[],"product_cat":[34],"product_tag":[],"class_list":{"0":"post-6272","1":"product","2":"type-product","3":"status-publish","4":"has-post-thumbnail","6":"product_cat-colecao-tudor","8":"first","9":"outofstock","10":"shipping-taxable","11":"purchasable","12":"product-type-simple"},"yoast_head":"<!-- This site is optimized with the Yoast SEO plugin v27.2 - https:\/\/yoast.com\/product\/yoast-seo-wordpress\/ -->\n<title>Black Bay One 39 S&amp;G - m79663-0002 | Corsage<\/title>\n<meta name=\"description\" content=\"Descubra o rel\u00f3gio Black Bay One 39 S&amp;G - m79663-0002 no distribuidor oficial Corsage, autorizado a vender e a realizar a manuten\u00e7\u00e3o dos rel\u00f3gios Tudor\" \/>\n<meta name=\"robots\" content=\"noindex, follow, max-snippet:-1, max-image-preview:large, max-video-preview:-1\" \/>\n<meta property=\"og:locale\" content=\"pt_BR\" \/>\n<meta property=\"og:type\" content=\"article\" \/>\n<meta property=\"og:title\" content=\"Black Bay One 39 S&amp;G - m79663-0002 | Corsage\" \/>\n<meta property=\"og:description\" content=\"Descubra o rel\u00f3gio Black Bay One 39 S&amp;G - m79663-0002 no distribuidor oficial Corsage, autorizado a vender e a realizar a manuten\u00e7\u00e3o dos rel\u00f3gios Tudor\" \/>\n<meta property=\"og:url\" content=\"https:\/\/corsage.com.br\/tudor\/black-bay-one-39-sg-m79663-0002\/\" \/>\n<meta property=\"og:site_name\" content=\"Corsage | Revenda oficial TUDOR\" \/>\n<meta property=\"article:modified_time\" content=\"2026-04-25T18:54:20+00:00\" \/>\n<meta property=\"og:image\" content=\"https:\/\/corsage.com.br\/tudor\/wp-content\/uploads\/2026\/04\/m79663-0002.webp\" \/>\n\t<meta property=\"og:image:width\" content=\"1500\" \/>\n\t<meta property=\"og:image:height\" content=\"1500\" \/>\n\t<meta property=\"og:image:type\" content=\"image\/webp\" \/>\n<meta name=\"twitter:card\" content=\"summary_large_image\" \/>\n<meta name=\"twitter:label1\" content=\"Est. tempo de leitura\" \/>\n\t<meta name=\"twitter:data1\" content=\"7 minutos\" \/>\n<script type=\"application\/ld+json\" class=\"yoast-schema-graph\">{\"@context\":\"https:\/\/schema.org\",\"@graph\":[{\"@type\":\"WebPage\",\"@id\":\"https:\/\/corsage.com.br\/tudor\/black-bay-one-39-sg-m79663-0002\/\",\"url\":\"https:\/\/corsage.com.br\/tudor\/black-bay-one-39-sg-m79663-0002\/\",\"name\":\"Black Bay One 39 S&G - m79663-0002 | Corsage\",\"isPartOf\":{\"@id\":\"https:\/\/corsage.com.br\/tudor\/#website\"},\"primaryImageOfPage\":{\"@id\":\"https:\/\/corsage.com.br\/tudor\/black-bay-one-39-sg-m79663-0002\/#primaryimage\"},\"image\":{\"@id\":\"https:\/\/corsage.com.br\/tudor\/black-bay-one-39-sg-m79663-0002\/#primaryimage\"},\"thumbnailUrl\":\"https:\/\/corsage.com.br\/tudor\/wp-content\/uploads\/2026\/04\/m79663-0002.webp\",\"datePublished\":\"2026-04-25T18:51:43+00:00\",\"dateModified\":\"2026-04-25T18:54:20+00:00\",\"description\":\"Descubra o rel\u00f3gio Black Bay One 39 S&G - m79663-0002 no distribuidor oficial Corsage, autorizado a vender e a realizar a manuten\u00e7\u00e3o dos rel\u00f3gios Tudor\",\"breadcrumb\":{\"@id\":\"https:\/\/corsage.com.br\/tudor\/black-bay-one-39-sg-m79663-0002\/#breadcrumb\"},\"inLanguage\":\"pt-BR\",\"potentialAction\":[{\"@type\":\"ReadAction\",\"target\":[\"https:\/\/corsage.com.br\/tudor\/black-bay-one-39-sg-m79663-0002\/\"]}]},{\"@type\":\"ImageObject\",\"inLanguage\":\"pt-BR\",\"@id\":\"https:\/\/corsage.com.br\/tudor\/black-bay-one-39-sg-m79663-0002\/#primaryimage\",\"url\":\"https:\/\/corsage.com.br\/tudor\/wp-content\/uploads\/2026\/04\/m79663-0002.webp\",\"contentUrl\":\"https:\/\/corsage.com.br\/tudor\/wp-content\/uploads\/2026\/04\/m79663-0002.webp\",\"width\":1500,\"height\":1500,\"caption\":\"m79663-0002\"},{\"@type\":\"BreadcrumbList\",\"@id\":\"https:\/\/corsage.com.br\/tudor\/black-bay-one-39-sg-m79663-0002\/#breadcrumb\",\"itemListElement\":[{\"@type\":\"ListItem\",\"position\":1,\"name\":\"Rolex na Corsage\",\"item\":\"https:\/\/corsage.com.br\/tudor\/?page_id=362\"},{\"@type\":\"ListItem\",\"position\":2,\"name\":\"\u00a0Tudor\",\"item\":\"https:\/\/corsage.com.br\/tudor\/colecao-tudor\/\"},{\"@type\":\"ListItem\",\"position\":3,\"name\":\"Black Bay One 39 S&#038;G\"}]},{\"@type\":\"WebSite\",\"@id\":\"https:\/\/corsage.com.br\/tudor\/#website\",\"url\":\"https:\/\/corsage.com.br\/tudor\/\",\"name\":\"Corsage | Revenda oficial TUDOR\",\"description\":\"Corsage | Revenda oficial TUDOR\",\"potentialAction\":[{\"@type\":\"SearchAction\",\"target\":{\"@type\":\"EntryPoint\",\"urlTemplate\":\"https:\/\/corsage.com.br\/tudor\/?s={search_term_string}\"},\"query-input\":{\"@type\":\"PropertyValueSpecification\",\"valueRequired\":true,\"valueName\":\"search_term_string\"}}],\"inLanguage\":\"pt-BR\"}]}<\/script>\n<!-- \/ Yoast SEO plugin. -->","yoast_head_json":{"title":"Black Bay One 39 S&G - m79663-0002 | Corsage","description":"Descubra o rel\u00f3gio Black Bay One 39 S&G - m79663-0002 no distribuidor oficial Corsage, autorizado a vender e a realizar a manuten\u00e7\u00e3o dos rel\u00f3gios Tudor","robots":{"index":"noindex","follow":"follow","max-snippet":"max-snippet:-1","max-image-preview":"max-image-preview:large","max-video-preview":"max-video-preview:-1"},"og_locale":"pt_BR","og_type":"article","og_title":"Black Bay One 39 S&G - m79663-0002 | Corsage","og_description":"Descubra o rel\u00f3gio Black Bay One 39 S&G - m79663-0002 no distribuidor oficial Corsage, autorizado a vender e a realizar a manuten\u00e7\u00e3o dos rel\u00f3gios Tudor","og_url":"https:\/\/corsage.com.br\/tudor\/black-bay-one-39-sg-m79663-0002\/","og_site_name":"Corsage | Revenda oficial TUDOR","article_modified_time":"2026-04-25T18:54:20+00:00","og_image":[{"width":1500,"height":1500,"url":"https:\/\/corsage.com.br\/tudor\/wp-content\/uploads\/2026\/04\/m79663-0002.webp","type":"image\/webp"}],"twitter_card":"summary_large_image","twitter_misc":{"Est. tempo de leitura":"7 minutos"},"schema":{"@context":"https:\/\/schema.org","@graph":[{"@type":"WebPage","@id":"https:\/\/corsage.com.br\/tudor\/black-bay-one-39-sg-m79663-0002\/","url":"https:\/\/corsage.com.br\/tudor\/black-bay-one-39-sg-m79663-0002\/","name":"Black Bay One 39 S&G - m79663-0002 | Corsage","isPartOf":{"@id":"https:\/\/corsage.com.br\/tudor\/#website"},"primaryImageOfPage":{"@id":"https:\/\/corsage.com.br\/tudor\/black-bay-one-39-sg-m79663-0002\/#primaryimage"},"image":{"@id":"https:\/\/corsage.com.br\/tudor\/black-bay-one-39-sg-m79663-0002\/#primaryimage"},"thumbnailUrl":"https:\/\/corsage.com.br\/tudor\/wp-content\/uploads\/2026\/04\/m79663-0002.webp","datePublished":"2026-04-25T18:51:43+00:00","dateModified":"2026-04-25T18:54:20+00:00","description":"Descubra o rel\u00f3gio Black Bay One 39 S&G - m79663-0002 no distribuidor oficial Corsage, autorizado a vender e a realizar a manuten\u00e7\u00e3o dos rel\u00f3gios Tudor","breadcrumb":{"@id":"https:\/\/corsage.com.br\/tudor\/black-bay-one-39-sg-m79663-0002\/#breadcrumb"},"inLanguage":"pt-BR","potentialAction":[{"@type":"ReadAction","target":["https:\/\/corsage.com.br\/tudor\/black-bay-one-39-sg-m79663-0002\/"]}]},{"@type":"ImageObject","inLanguage":"pt-BR","@id":"https:\/\/corsage.com.br\/tudor\/black-bay-one-39-sg-m79663-0002\/#primaryimage","url":"https:\/\/corsage.com.br\/tudor\/wp-content\/uploads\/2026\/04\/m79663-0002.webp","contentUrl":"https:\/\/corsage.com.br\/tudor\/wp-content\/uploads\/2026\/04\/m79663-0002.webp","width":1500,"height":1500,"caption":"m79663-0002"},{"@type":"BreadcrumbList","@id":"https:\/\/corsage.com.br\/tudor\/black-bay-one-39-sg-m79663-0002\/#breadcrumb","itemListElement":[{"@type":"ListItem","position":1,"name":"Rolex na Corsage","item":"https:\/\/corsage.com.br\/tudor\/?page_id=362"},{"@type":"ListItem","position":2,"name":"\u00a0Tudor","item":"https:\/\/corsage.com.br\/tudor\/colecao-tudor\/"},{"@type":"ListItem","position":3,"name":"Black Bay One 39 S&#038;G"}]},{"@type":"WebSite","@id":"https:\/\/corsage.com.br\/tudor\/#website","url":"https:\/\/corsage.com.br\/tudor\/","name":"Corsage | Revenda oficial TUDOR","description":"Corsage | Revenda oficial TUDOR","potentialAction":[{"@type":"SearchAction","target":{"@type":"EntryPoint","urlTemplate":"https:\/\/corsage.com.br\/tudor\/?s={search_term_string}"},"query-input":{"@type":"PropertyValueSpecification","valueRequired":true,"valueName":"search_term_string"}}],"inLanguage":"pt-BR"}]}},"_links":{"self":[{"href":"https:\/\/corsage.com.br\/tudor\/wp-json\/wp\/v2\/product\/6272","targetHints":{"allow":["GET"]}}],"collection":[{"href":"https:\/\/corsage.com.br\/tudor\/wp-json\/wp\/v2\/product"}],"about":[{"href":"https:\/\/corsage.com.br\/tudor\/wp-json\/wp\/v2\/types\/product"}],"wp:featuredmedia":[{"embeddable":true,"href":"https:\/\/corsage.com.br\/tudor\/wp-json\/wp\/v2\/media\/6274"}],"wp:attachment":[{"href":"https:\/\/corsage.com.br\/tudor\/wp-json\/wp\/v2\/media?parent=6272"}],"wp:term":[{"taxonomy":"product_brand","embeddable":true,"href":"https:\/\/corsage.com.br\/tudor\/wp-json\/wp\/v2\/product_brand?post=6272"},{"taxonomy":"product_cat","embeddable":true,"href":"https:\/\/corsage.com.br\/tudor\/wp-json\/wp\/v2\/product_cat?post=6272"},{"taxonomy":"product_tag","embeddable":true,"href":"https:\/\/corsage.com.br\/tudor\/wp-json\/wp\/v2\/product_tag?post=6272"}],"curies":[{"name":"wp","href":"https:\/\/api.w.org\/{rel}","templated":true}]}}