{"id":4919,"date":"2024-05-14T17:17:13","date_gmt":"2024-05-14T20:17:13","guid":{"rendered":"https:\/\/corsage.com.br\/tudor\/?post_type=product&#038;p=4919"},"modified":"2026-04-07T16:16:24","modified_gmt":"2026-04-07T19:16:24","slug":"pelagos-fxd-chrono-m25827kn-0001","status":"publish","type":"product","link":"https:\/\/corsage.com.br\/tudor\/pelagos-fxd-chrono-m25827kn-0001\/","title":{"rendered":"Pelagos FXD Chrono"},"content":{"rendered":"<p><strong>Garantia de cinco anos<\/strong><br \/>\nGarantia transfer\u00edvel de cinco anos, sem registo nem verifica\u00e7\u00f5es de manuten\u00e7\u00e3o peri\u00f3dicas obrigat\u00f3rias<\/p>\n<p><strong>Caixa<\/strong><br \/>\nCaixa de 43 mm em comp\u00f3sito de carbono preto com acabamento mate<br \/>\nDist\u00e2ncia entre asas: 22 mm<br \/>\nEspessura da caixa: 13.2 mm<\/p>\n<p><strong>Movimento<\/strong><br \/>\nCalibre de Manufatura MT5813 (COSC) com fun\u00e7\u00e3o de cron\u00f3grafo<br \/>\nMovimento de cron\u00f3grafo mec\u00e2nico de corda autom\u00e1tica com sistema de rotor bidirecional<\/p>\n<p><strong>Reserva de marcha<\/strong><br \/>\nReserva de marcha de aproximadamente 70 horas<\/p>\n<p><strong>Coroa<\/strong><br \/>\nCoroa de rosca em tit\u00e2nio com o escudo TUDOR em relevo<\/p>\n<p><strong>Estanquidade<\/strong><br \/>\nEstanque at\u00e9 100 m<\/p>\n<p><strong>Luneta<\/strong><br \/>\nEscala de 60 minutos, fixa<\/p>\n<p><strong>Mostrador<\/strong><br \/>\nPreto mate, apontamentos em vermelho nos contadores do cron\u00f3grafo e na escala taquim\u00e9trica<\/p>\n<p><strong>Vidro<\/strong><br \/>\nVidro de safira c\u00f4ncavo<\/p>\n<p><strong>Bracelete<\/strong><br \/>\nBracelete em tecido preto de pe\u00e7a \u00fanica<\/p>\n","protected":false},"excerpt":{"rendered":"<p>Calibre de Manufatura MT5813<br \/>\nCaixa de 43 mm em comp\u00f3sito de carbono preto<br \/>\nBracelete em tecido preto<\/p>\n","protected":false},"featured_media":4931,"template":"","meta":[],"product_brand":[],"product_cat":[34],"product_tag":[],"class_list":{"0":"post-4919","1":"product","2":"type-product","3":"status-publish","4":"has-post-thumbnail","6":"product_cat-colecao-tudor","8":"first","9":"instock","10":"shipping-taxable","11":"purchasable","12":"product-type-simple"},"yoast_head":"<!-- This site is optimized with the Yoast SEO plugin v27.2 - https:\/\/yoast.com\/product\/yoast-seo-wordpress\/ -->\n<title>Pelagos FXD Chrono - M25807KN-0001 | Corsage<\/title>\n<meta name=\"description\" content=\"Descubra o rel\u00f3gio Pelagos FXD Chrono - M25807KN-0001 no distribuidor oficial Corsage, autorizado a vender e a realizar a manuten\u00e7\u00e3o dos rel\u00f3gios Tudor\" \/>\n<meta name=\"robots\" content=\"noindex, follow, max-snippet:-1, max-image-preview:large, max-video-preview:-1\" \/>\n<meta property=\"og:locale\" content=\"pt_BR\" \/>\n<meta property=\"og:type\" content=\"article\" \/>\n<meta property=\"og:title\" content=\"Pelagos FXD Chrono - M25807KN-0001 | Corsage\" \/>\n<meta property=\"og:description\" content=\"Descubra o rel\u00f3gio Pelagos FXD Chrono - M25807KN-0001 no distribuidor oficial Corsage, autorizado a vender e a realizar a manuten\u00e7\u00e3o dos rel\u00f3gios Tudor\" \/>\n<meta property=\"og:url\" content=\"https:\/\/corsage.com.br\/tudor\/pelagos-fxd-chrono-m25827kn-0001\/\" \/>\n<meta property=\"og:site_name\" content=\"Corsage | Revenda oficial TUDOR\" \/>\n<meta property=\"article:modified_time\" content=\"2026-04-07T19:16:24+00:00\" \/>\n<meta property=\"og:image\" content=\"https:\/\/corsage.com.br\/tudor\/wp-content\/uploads\/2024\/05\/m25807kn-0001_upright-wh-std.jpg\" \/>\n\t<meta property=\"og:image:width\" content=\"1580\" \/>\n\t<meta property=\"og:image:height\" content=\"1580\" \/>\n\t<meta property=\"og:image:type\" content=\"image\/jpeg\" \/>\n<meta name=\"twitter:card\" content=\"summary_large_image\" \/>\n<meta name=\"twitter:label1\" content=\"Est. tempo de leitura\" \/>\n\t<meta name=\"twitter:data1\" content=\"7 minutos\" \/>\n<script type=\"application\/ld+json\" class=\"yoast-schema-graph\">{\"@context\":\"https:\/\/schema.org\",\"@graph\":[{\"@type\":\"WebPage\",\"@id\":\"https:\/\/corsage.com.br\/tudor\/pelagos-fxd-chrono-m25827kn-0001\/\",\"url\":\"https:\/\/corsage.com.br\/tudor\/pelagos-fxd-chrono-m25827kn-0001\/\",\"name\":\"Pelagos FXD Chrono - M25807KN-0001 | Corsage\",\"isPartOf\":{\"@id\":\"https:\/\/corsage.com.br\/tudor\/#website\"},\"primaryImageOfPage\":{\"@id\":\"https:\/\/corsage.com.br\/tudor\/pelagos-fxd-chrono-m25827kn-0001\/#primaryimage\"},\"image\":{\"@id\":\"https:\/\/corsage.com.br\/tudor\/pelagos-fxd-chrono-m25827kn-0001\/#primaryimage\"},\"thumbnailUrl\":\"https:\/\/corsage.com.br\/tudor\/wp-content\/uploads\/2024\/05\/m25807kn-0001_upright-wh-std.jpg\",\"datePublished\":\"2024-05-14T20:17:13+00:00\",\"dateModified\":\"2026-04-07T19:16:24+00:00\",\"description\":\"Descubra o rel\u00f3gio Pelagos FXD Chrono - M25807KN-0001 no distribuidor oficial Corsage, autorizado a vender e a realizar a manuten\u00e7\u00e3o dos rel\u00f3gios Tudor\",\"breadcrumb\":{\"@id\":\"https:\/\/corsage.com.br\/tudor\/pelagos-fxd-chrono-m25827kn-0001\/#breadcrumb\"},\"inLanguage\":\"pt-BR\",\"potentialAction\":[{\"@type\":\"ReadAction\",\"target\":[\"https:\/\/corsage.com.br\/tudor\/pelagos-fxd-chrono-m25827kn-0001\/\"]}]},{\"@type\":\"ImageObject\",\"inLanguage\":\"pt-BR\",\"@id\":\"https:\/\/corsage.com.br\/tudor\/pelagos-fxd-chrono-m25827kn-0001\/#primaryimage\",\"url\":\"https:\/\/corsage.com.br\/tudor\/wp-content\/uploads\/2024\/05\/m25807kn-0001_upright-wh-std.jpg\",\"contentUrl\":\"https:\/\/corsage.com.br\/tudor\/wp-content\/uploads\/2024\/05\/m25807kn-0001_upright-wh-std.jpg\",\"width\":1580,\"height\":1580},{\"@type\":\"BreadcrumbList\",\"@id\":\"https:\/\/corsage.com.br\/tudor\/pelagos-fxd-chrono-m25827kn-0001\/#breadcrumb\",\"itemListElement\":[{\"@type\":\"ListItem\",\"position\":1,\"name\":\"Rolex na Corsage\",\"item\":\"https:\/\/corsage.com.br\/tudor\/?page_id=362\"},{\"@type\":\"ListItem\",\"position\":2,\"name\":\"\u00a0Tudor\",\"item\":\"https:\/\/corsage.com.br\/tudor\/colecao-tudor\/\"},{\"@type\":\"ListItem\",\"position\":3,\"name\":\"Pelagos FXD Chrono\"}]},{\"@type\":\"WebSite\",\"@id\":\"https:\/\/corsage.com.br\/tudor\/#website\",\"url\":\"https:\/\/corsage.com.br\/tudor\/\",\"name\":\"Corsage | Revenda oficial TUDOR\",\"description\":\"Corsage | Revenda oficial TUDOR\",\"potentialAction\":[{\"@type\":\"SearchAction\",\"target\":{\"@type\":\"EntryPoint\",\"urlTemplate\":\"https:\/\/corsage.com.br\/tudor\/?s={search_term_string}\"},\"query-input\":{\"@type\":\"PropertyValueSpecification\",\"valueRequired\":true,\"valueName\":\"search_term_string\"}}],\"inLanguage\":\"pt-BR\"}]}<\/script>\n<!-- \/ Yoast SEO plugin. -->","yoast_head_json":{"title":"Pelagos FXD Chrono - M25807KN-0001 | Corsage","description":"Descubra o rel\u00f3gio Pelagos FXD Chrono - M25807KN-0001 no distribuidor oficial Corsage, autorizado a vender e a realizar a manuten\u00e7\u00e3o dos rel\u00f3gios Tudor","robots":{"index":"noindex","follow":"follow","max-snippet":"max-snippet:-1","max-image-preview":"max-image-preview:large","max-video-preview":"max-video-preview:-1"},"og_locale":"pt_BR","og_type":"article","og_title":"Pelagos FXD Chrono - M25807KN-0001 | Corsage","og_description":"Descubra o rel\u00f3gio Pelagos FXD Chrono - M25807KN-0001 no distribuidor oficial Corsage, autorizado a vender e a realizar a manuten\u00e7\u00e3o dos rel\u00f3gios Tudor","og_url":"https:\/\/corsage.com.br\/tudor\/pelagos-fxd-chrono-m25827kn-0001\/","og_site_name":"Corsage | Revenda oficial TUDOR","article_modified_time":"2026-04-07T19:16:24+00:00","og_image":[{"width":1580,"height":1580,"url":"https:\/\/corsage.com.br\/tudor\/wp-content\/uploads\/2024\/05\/m25807kn-0001_upright-wh-std.jpg","type":"image\/jpeg"}],"twitter_card":"summary_large_image","twitter_misc":{"Est. tempo de leitura":"7 minutos"},"schema":{"@context":"https:\/\/schema.org","@graph":[{"@type":"WebPage","@id":"https:\/\/corsage.com.br\/tudor\/pelagos-fxd-chrono-m25827kn-0001\/","url":"https:\/\/corsage.com.br\/tudor\/pelagos-fxd-chrono-m25827kn-0001\/","name":"Pelagos FXD Chrono - M25807KN-0001 | Corsage","isPartOf":{"@id":"https:\/\/corsage.com.br\/tudor\/#website"},"primaryImageOfPage":{"@id":"https:\/\/corsage.com.br\/tudor\/pelagos-fxd-chrono-m25827kn-0001\/#primaryimage"},"image":{"@id":"https:\/\/corsage.com.br\/tudor\/pelagos-fxd-chrono-m25827kn-0001\/#primaryimage"},"thumbnailUrl":"https:\/\/corsage.com.br\/tudor\/wp-content\/uploads\/2024\/05\/m25807kn-0001_upright-wh-std.jpg","datePublished":"2024-05-14T20:17:13+00:00","dateModified":"2026-04-07T19:16:24+00:00","description":"Descubra o rel\u00f3gio Pelagos FXD Chrono - M25807KN-0001 no distribuidor oficial Corsage, autorizado a vender e a realizar a manuten\u00e7\u00e3o dos rel\u00f3gios Tudor","breadcrumb":{"@id":"https:\/\/corsage.com.br\/tudor\/pelagos-fxd-chrono-m25827kn-0001\/#breadcrumb"},"inLanguage":"pt-BR","potentialAction":[{"@type":"ReadAction","target":["https:\/\/corsage.com.br\/tudor\/pelagos-fxd-chrono-m25827kn-0001\/"]}]},{"@type":"ImageObject","inLanguage":"pt-BR","@id":"https:\/\/corsage.com.br\/tudor\/pelagos-fxd-chrono-m25827kn-0001\/#primaryimage","url":"https:\/\/corsage.com.br\/tudor\/wp-content\/uploads\/2024\/05\/m25807kn-0001_upright-wh-std.jpg","contentUrl":"https:\/\/corsage.com.br\/tudor\/wp-content\/uploads\/2024\/05\/m25807kn-0001_upright-wh-std.jpg","width":1580,"height":1580},{"@type":"BreadcrumbList","@id":"https:\/\/corsage.com.br\/tudor\/pelagos-fxd-chrono-m25827kn-0001\/#breadcrumb","itemListElement":[{"@type":"ListItem","position":1,"name":"Rolex na Corsage","item":"https:\/\/corsage.com.br\/tudor\/?page_id=362"},{"@type":"ListItem","position":2,"name":"\u00a0Tudor","item":"https:\/\/corsage.com.br\/tudor\/colecao-tudor\/"},{"@type":"ListItem","position":3,"name":"Pelagos FXD Chrono"}]},{"@type":"WebSite","@id":"https:\/\/corsage.com.br\/tudor\/#website","url":"https:\/\/corsage.com.br\/tudor\/","name":"Corsage | Revenda oficial TUDOR","description":"Corsage | Revenda oficial TUDOR","potentialAction":[{"@type":"SearchAction","target":{"@type":"EntryPoint","urlTemplate":"https:\/\/corsage.com.br\/tudor\/?s={search_term_string}"},"query-input":{"@type":"PropertyValueSpecification","valueRequired":true,"valueName":"search_term_string"}}],"inLanguage":"pt-BR"}]}},"_links":{"self":[{"href":"https:\/\/corsage.com.br\/tudor\/wp-json\/wp\/v2\/product\/4919","targetHints":{"allow":["GET"]}}],"collection":[{"href":"https:\/\/corsage.com.br\/tudor\/wp-json\/wp\/v2\/product"}],"about":[{"href":"https:\/\/corsage.com.br\/tudor\/wp-json\/wp\/v2\/types\/product"}],"wp:featuredmedia":[{"embeddable":true,"href":"https:\/\/corsage.com.br\/tudor\/wp-json\/wp\/v2\/media\/4931"}],"wp:attachment":[{"href":"https:\/\/corsage.com.br\/tudor\/wp-json\/wp\/v2\/media?parent=4919"}],"wp:term":[{"taxonomy":"product_brand","embeddable":true,"href":"https:\/\/corsage.com.br\/tudor\/wp-json\/wp\/v2\/product_brand?post=4919"},{"taxonomy":"product_cat","embeddable":true,"href":"https:\/\/corsage.com.br\/tudor\/wp-json\/wp\/v2\/product_cat?post=4919"},{"taxonomy":"product_tag","embeddable":true,"href":"https:\/\/corsage.com.br\/tudor\/wp-json\/wp\/v2\/product_tag?post=4919"}],"curies":[{"name":"wp","href":"https:\/\/api.w.org\/{rel}","templated":true}]}}